{"id":246,"date":"2014-11-19T17:25:46","date_gmt":"2014-11-19T16:25:46","guid":{"rendered":"http:\/\/monsieurcliff.com\/?page_id=246"},"modified":"2016-03-28T16:34:45","modified_gmt":"2016-03-28T15:34:45","slug":"animation","status":"publish","type":"page","link":"https:\/\/monsieurcliff.com\/?page_id=246","title":{"rendered":"Animation"},"content":{"rendered":"<p><strong>Bitey Castle ( Adam Philips )<\/strong> &#8211; <a title=\"Fiche Wikip\u00e9dia d'Adam Philips.\" href=\"https:\/\/en.wikipedia.org\/wiki\/Adam_Phillips_%28animator%29\" target=\"_blank\">Fiche Wikip\u00e9dia<\/a> ( Anglais ) \/ <a title=\"Site d'Adam Philips.\" href=\"http:\/\/www.biteycastle.com\/\" target=\"_blank\">Site<\/a> \/ <a title=\"Cha\u00eene Youtube d'Adam Philips.\" href=\"http:\/\/www.youtube.com\/channel\/UCTopyaagAIJcfPbICdPB63A\" target=\"_blank\">Cha\u00eene Youtube<\/a> \/ <a title=\"Article brackenwood.\" href=\"http:\/\/fr.wikipedia.org\/wiki\/Brackenwood\" target=\"_blank\">Article Wikip\u00e9dia sur la s\u00e9rie Brackenwood<\/a> ( fran\u00e7ais )<\/p>\n<p><strong><a title=\"Site Catsuka.\" href=\"http:\/\/www.catsuka.com\/\" target=\"_blank\">Catsuka<\/a> &#8211;<\/strong> Un site qui parle de l&rsquo;animation en g\u00e9n\u00e9ral. Manga, dessins anim\u00e9s, cin\u00e9matiques de jeux vid\u00e9os, etc.<\/p>\n<p><strong>David OReilly &#8211;<\/strong> <a href=\"http:\/\/www.davidoreilly.com\/\" target=\"_blank\">Site<\/a> \/ <a href=\"http:\/\/blog.davidoreilly.com\/\" target=\"_blank\">Blog<\/a> \/ <a href=\"https:\/\/www.instagram.com\/davidoreilly\/\" target=\"_blank\">Instagram<\/a> \/ <a href=\"https:\/\/www.youtube.com\/user\/animationrelated\/videos\" target=\"_blank\">cha\u00eene YouTube<\/a> \/ <a href=\"https:\/\/vimeo.com\/davidoreilly\/videos\" target=\"_blank\">cha\u00eene Vimeo<\/a> \/ <a href=\"https:\/\/en.wikipedia.org\/wiki\/David_OReilly_%28artist%29\" target=\"_blank\">Fiche Wikip\u00e9dia ( anglais )<\/a> \/ <a href=\"http:\/\/www.imdb.com\/name\/nm2419195\/\" target=\"_blank\">Fiche IMDb.<\/a><\/p>\n<p><strong>Gwenn Germain &#8211;<\/strong> <a href=\"http:\/\/goo00.deviantart.com\/\" target=\"_blank\">Deviant Art<\/a> \/ <a href=\"https:\/\/vimeo.com\/goo00\" target=\"_blank\">Cha\u00eene Vimeo.<\/a><\/p>\n<p><strong>John Nevarez &#8211;<\/strong> <a title=\"Blogger portfolio de John Nevarez.\" href=\"http:\/\/johnnevarezportfolio.blogspot.fr\/\" target=\"_blank\">Blogger #1<\/a> \/ <a title=\"Blogger &quot;An Approach&quot; de John Nevarez.\" href=\"http:\/\/anapproach.blogspot.fr\/\" target=\"_blank\">Blogger #2<\/a> \/ <a title=\"Blogger &quot;Unofficial Paul Felix&quot; de John Nevarez.\" href=\"http:\/\/unofficialpaulfelix.blogspot.fr\/\" target=\"_blank\">Blogger #3.<\/a><\/p>\n<p><strong>Felix Sputnik &#8211;<\/strong> <a title=\"Le site de Felix Sputnik.\" href=\"http:\/\/www.felixsputnik.com\/\" target=\"_blank\">Site<\/a> \/ <a title=\"La cha\u00eene Vimeo de Felix Sputnik.\" href=\"https:\/\/vimeo.com\/user6854833\" target=\"_blank\">Cha\u00eene Vimeo<\/a> \/ <a title=\"La cha\u00eene YouTube de Felix Sputnik.\" href=\"https:\/\/www.youtube.com\/user\/felixsputnik\" target=\"_blank\">Cha\u00eene YouTube<\/a> \/ <a title=\"Le Blogger de Felix Sputnik.\" href=\"http:\/\/www.drawnography.blogspot.fr\/\" target=\"_blank\">Blogger #1<\/a> \/ <a title=\"Le deuxi\u00e8me Blogger de Felix Sputnik.\" href=\"http:\/\/doodlepirates.blogspot.fr\/\" target=\"_blank\">Blogger #2.<\/a><\/p>\n<p><strong>Harry Partridge &#8211;<\/strong> <a title=\"La cha\u00eene YouTube de Harry Partridge.\" href=\"https:\/\/www.youtube.com\/user\/HarryPartridge\/featured\" target=\"_blank\">Cha\u00eene YouTube<\/a> \/ <a title=\"Le DeviantArt de Harry Partridge.\" href=\"http:\/\/harry-partridge.deviantart.com\/\" target=\"_blank\">DeviantArt<\/a> \/ <a title=\"La page NewGrounds de Harry Partridge.\" href=\"http:\/\/happyharry.newgrounds.com\/\" target=\"_blank\">NewGrounds<\/a> \/ <a title=\"La page IMDb de Harry Partridge.\" href=\"http:\/\/www.imdb.com\/name\/nm4259353\/\" target=\"_blank\">Fiche IMDb<\/a> \/ <a title=\"La fiche Wikip\u00e9dia de Harry Partridge.\" href=\"https:\/\/en.wikipedia.org\/wiki\/Harry_Partridge\" target=\"_blank\">Fiche Wikip\u00e9dia ( anglais ).<\/a><\/p>\n<p><strong>Nick Cross &#8211;<\/strong> <a href=\"http:\/\/www.nick-cross.com\/\" target=\"_blank\">Blogger<\/a> \/ <a href=\"http:\/\/ncrossanimation.tumblr.com\/\" target=\"_blank\">Tumblr<\/a> \/ <a href=\"https:\/\/www.youtube.com\/user\/ncross\/videos\" target=\"_blank\">cha\u00eene YouTube<\/a> \/<a href=\"https:\/\/vimeo.com\/ncrossanimation\/videos\" target=\"_blank\"> cha\u00eene Vimeo<\/a> \/ <a href=\"https:\/\/en.wikipedia.org\/wiki\/Nick_Cross\" target=\"_blank\">Fiche Wikip\u00e9dia ( anglais )<\/a> \/ <a href=\"http:\/\/www.imdb.com\/name\/nm1043526\/\" target=\"_blank\">Fiche IMDb.<\/a><\/p>\n<p><strong>The Brothers McLeod &#8211;<\/strong> <a title=\"Le site des fr\u00e8res McLeod.\" href=\"http:\/\/www.brothersmcleod.co.uk\/index.shtml\" target=\"_blank\">Site<\/a> \/ <a title=\"La cha\u00eene Vimeo des fr\u00e8res McLeod.\" href=\"https:\/\/vimeo.com\/brothersmcleod\" target=\"_blank\">Cha\u00eene Vimeo<\/a> \/ <a title=\"La cha\u00eene YoutTube des fr\u00e8res McLeod.\" href=\"https:\/\/www.youtube.com\/user\/brothermcleod\" target=\"_blank\">Cha\u00eene YouTube<\/a> \/ <a title=\"Le Tumblr des fr\u00e8res McLeod.\" href=\"http:\/\/bromc.tumblr.com\/\" target=\"_blank\">Tumblr<\/a> \/ <a title=\"La fiche Wikip\u00e9dia des fr\u00e8res McLeod.\" href=\"https:\/\/en.wikipedia.org\/wiki\/The_Brothers_McLeod\" target=\"_blank\">Fiche Wikip\u00e9dia ( anglais).<\/a><\/p>\n","protected":false},"excerpt":{"rendered":"<p>Bitey Castle ( Adam Philips ) &#8211; Fiche Wikip\u00e9dia ( Anglais ) \/ Site \/ Cha\u00eene Youtube \/ Article Wikip\u00e9dia sur la s\u00e9rie Brackenwood ( fran\u00e7ais ) Catsuka &#8211; Un site qui parle de l&rsquo;animation en g\u00e9n\u00e9ral. Manga, dessins anim\u00e9s, cin\u00e9matiques de jeux vid\u00e9os, etc. David OReilly &#8211; Site \/ Blog \/ Instagram \/ cha\u00eene [&hellip;]<\/p>\n","protected":false},"author":1,"featured_media":0,"parent":0,"menu_order":0,"comment_status":"open","ping_status":"open","template":"","meta":{"_crdt_document":"","jetpack_post_was_ever_published":false,"footnotes":""},"class_list":["post-246","page","type-page","status-publish","hentry"],"jetpack_shortlink":"https:\/\/wp.me\/P5g5SG-3Y","jetpack_sharing_enabled":true,"_links":{"self":[{"href":"https:\/\/monsieurcliff.com\/index.php?rest_route=\/wp\/v2\/pages\/246","targetHints":{"allow":["GET"]}}],"collection":[{"href":"https:\/\/monsieurcliff.com\/index.php?rest_route=\/wp\/v2\/pages"}],"about":[{"href":"https:\/\/monsieurcliff.com\/index.php?rest_route=\/wp\/v2\/types\/page"}],"author":[{"embeddable":true,"href":"https:\/\/monsieurcliff.com\/index.php?rest_route=\/wp\/v2\/users\/1"}],"replies":[{"embeddable":true,"href":"https:\/\/monsieurcliff.com\/index.php?rest_route=%2Fwp%2Fv2%2Fcomments&post=246"}],"version-history":[{"count":13,"href":"https:\/\/monsieurcliff.com\/index.php?rest_route=\/wp\/v2\/pages\/246\/revisions"}],"predecessor-version":[{"id":2276,"href":"https:\/\/monsieurcliff.com\/index.php?rest_route=\/wp\/v2\/pages\/246\/revisions\/2276"}],"wp:attachment":[{"href":"https:\/\/monsieurcliff.com\/index.php?rest_route=%2Fwp%2Fv2%2Fmedia&parent=246"}],"curies":[{"name":"wp","href":"https:\/\/api.w.org\/{rel}","templated":true}]}}