{"id":2014,"date":"2015-11-27T23:01:25","date_gmt":"2015-11-27T21:01:25","guid":{"rendered":"http:\/\/monsieurcliff.com\/?page_id=2014"},"modified":"2016-01-23T19:40:29","modified_gmt":"2016-01-23T18:40:29","slug":"video","status":"publish","type":"page","link":"https:\/\/monsieurcliff.com\/?page_id=2014","title":{"rendered":"Vid\u00e9o"},"content":{"rendered":"<p>Divers sites de vid\u00e9os gratuites pioch\u00e9s \u00e0 droite et \u00e0 gauche.<\/p>\n<p><a href=\"http:\/\/www.123rf.com\/stock-footage\/\" target=\"_blank\">123rf<\/a><\/p>\n<p><a href=\"http:\/\/www.artbeats.com\/\" target=\"_blank\">Art Beats<\/a><\/p>\n<p><a href=\"http:\/\/www.beachfrontbroll.com\/\" target=\"_blank\">Beachfront B-Roll<\/a><\/p>\n<p><a href=\"http:\/\/www.clipcanvas.com\/free-footage\/\" target=\"_blank\">Clip Canvas<\/a><\/p>\n<p><a href=\"http:\/\/www.corbismotion.com\/wicker\/home.do\" target=\"_blank\">Corbis Motion<\/a><\/p>\n<p><a href=\"http:\/\/www.coverr.co\/\" target=\"_blank\">Coverr<\/a><\/p>\n<p><a href=\"http:\/\/www.criticalpast.com\/\" target=\"_blank\">Critical Past<\/a><\/p>\n<p><a href=\"http:\/\/www.wedistill.io\/\" target=\"_blank\">Distill<\/a><\/p>\n<p>&#8211; <a href=\"https:\/\/www.youtube.com\/user\/endlessreference\/featured\" target=\"_blank\">Endless Reference<\/a> &#8211; Une cha\u00eene YouTube de r\u00e9f\u00e9rences pour les animateurs avec de nombreuses physionomies, attitudes et d\u00e9compositions de mouvements.<\/p>\n<p><a href=\"http:\/\/fancyfootage.club\" target=\"_blank\">Fancy Footage Club<\/a><\/p>\n<p><a href=\"http:\/\/www.footagefirm.com\/\" target=\"_blank\">Footage Firm<\/a><\/p>\n<p><a href=\"http:\/\/www.istockphoto.com\/\" target=\"_blank\">iStock<\/a><\/p>\n<p><a href=\"http:\/\/www.lifeofvids.com\/\" target=\"_blank\">Life Of Vids<\/a><\/p>\n<p><a href=\"http:\/\/www.matton.com\/footage_search.php\" target=\"_blank\">Matton Images<\/a><\/p>\n<p><a href=\"http:\/\/mazwai.com\/\" target=\"_blank\">Mazwai<\/a><\/p>\n<p><a href=\"http:\/\/mitchmartinez.com\/free-4k-red-epic-stock-footage\/\" target=\"_blank\">Mitch Martinez<\/a><\/p>\n<p><a href=\"http:\/\/www.motionelements.com\/free\/stock-footage\/\" target=\"_blank\">Motion Elements<\/a><\/p>\n<p><a href=\"http:\/\/www.naturefootage.com\/\" target=\"_blank\">Nature Footage<\/a><\/p>\n<p><a href=\"http:\/\/www.omnimovi.com\/\" target=\"_blank\">Omni Movi<\/a><\/p>\n<p><a href=\"https:\/\/videos.pexels.com\/\" target=\"_blank\">Pexels Video<\/a><\/p>\n<p><a href=\"http:\/\/www.pond5.com\/stock-video-footage\/1\/*.html?free=1\" target=\"_blank\">Pond5<\/a><\/p>\n<p><a href=\"http:\/\/www.stockfootageforfree.com\/\" target=\"_blank\">Stock Footage For Free<\/a><\/p>\n<p><a href=\"http:\/\/www.videezy.com\/browse\" target=\"_blank\">Videezy<\/a><\/p>\n<p><a href=\"http:\/\/www.videvo.net\/\" target=\"_blank\">Videvo<\/a><\/p>\n<p><a href=\"http:\/\/www.vidsplay.com\/\" target=\"_blank\">Vidsplay<\/a><\/p>\n<p><a href=\"http:\/\/www.xstockvideo.com\/\" target=\"_blank\">XStockvideo<\/a><\/p>\n","protected":false},"excerpt":{"rendered":"<p>Divers sites de vid\u00e9os gratuites pioch\u00e9s \u00e0 droite et \u00e0 gauche. 123rf Art Beats Beachfront B-Roll Clip Canvas Corbis Motion Coverr Critical Past Distill &#8211; Endless Reference &#8211; Une cha\u00eene YouTube de r\u00e9f\u00e9rences pour les animateurs avec de nombreuses physionomies, attitudes et d\u00e9compositions de mouvements. Fancy Footage Club Footage Firm iStock Life Of Vids Matton [&hellip;]<\/p>\n","protected":false},"author":1,"featured_media":0,"parent":0,"menu_order":0,"comment_status":"closed","ping_status":"closed","template":"","meta":{"_crdt_document":"","jetpack_post_was_ever_published":false,"footnotes":""},"class_list":["post-2014","page","type-page","status-publish","hentry"],"jetpack_shortlink":"https:\/\/wp.me\/P5g5SG-wu","jetpack_sharing_enabled":true,"_links":{"self":[{"href":"https:\/\/monsieurcliff.com\/index.php?rest_route=\/wp\/v2\/pages\/2014","targetHints":{"allow":["GET"]}}],"collection":[{"href":"https:\/\/monsieurcliff.com\/index.php?rest_route=\/wp\/v2\/pages"}],"about":[{"href":"https:\/\/monsieurcliff.com\/index.php?rest_route=\/wp\/v2\/types\/page"}],"author":[{"embeddable":true,"href":"https:\/\/monsieurcliff.com\/index.php?rest_route=\/wp\/v2\/users\/1"}],"replies":[{"embeddable":true,"href":"https:\/\/monsieurcliff.com\/index.php?rest_route=%2Fwp%2Fv2%2Fcomments&post=2014"}],"version-history":[{"count":10,"href":"https:\/\/monsieurcliff.com\/index.php?rest_route=\/wp\/v2\/pages\/2014\/revisions"}],"predecessor-version":[{"id":2154,"href":"https:\/\/monsieurcliff.com\/index.php?rest_route=\/wp\/v2\/pages\/2014\/revisions\/2154"}],"wp:attachment":[{"href":"https:\/\/monsieurcliff.com\/index.php?rest_route=%2Fwp%2Fv2%2Fmedia&parent=2014"}],"curies":[{"name":"wp","href":"https:\/\/api.w.org\/{rel}","templated":true}]}}