{"id":1887,"date":"2015-11-07T20:29:05","date_gmt":"2015-11-07T18:29:05","guid":{"rendered":"http:\/\/monsieurcliff.com\/?page_id=1887"},"modified":"2020-01-17T10:53:50","modified_gmt":"2020-01-17T09:53:50","slug":"tuto-video","status":"publish","type":"page","link":"https:\/\/monsieurcliff.com\/?page_id=1887","title":{"rendered":"Tuto. vid\u00e9o"},"content":{"rendered":"<p><strong><a href=\"https:\/\/fr.wikipedia.org\/wiki\/Compositing\" target=\"_blank\" rel=\"noopener noreferrer\">Compositing :<\/a><\/strong><\/p>\n<p><a href=\"https:\/\/natrongithub.github.io\/\" target=\"_blank\" rel=\"noopener noreferrer\"><img loading=\"lazy\" decoding=\"async\" class=\"aligncenter wp-image-1889 size-full\" src=\"https:\/\/monsieurcliff.com\/wp-content\/uploads\/2015\/11\/Logo-Natron.jpg\" alt=\"Logo - Natron\" width=\"800\" height=\"200\" srcset=\"https:\/\/monsieurcliff.com\/wp-content\/uploads\/2015\/11\/Logo-Natron.jpg 800w, https:\/\/monsieurcliff.com\/wp-content\/uploads\/2015\/11\/Logo-Natron-300x75.jpg 300w\" sizes=\"auto, (max-width: 800px) 100vw, 800px\" \/><\/a><\/p>\n<p style=\"text-align: center;\"><strong>Natron<\/strong> &#8211; Logiciel libre de \u00ab\u00a0compositing\u00a0\u00bb nodal inspir\u00e9 du logiciel commercial Nuke et d\u00e9velopp\u00e9 par l&rsquo;<a href=\"https:\/\/fr.wikipedia.org\/wiki\/Institut_national_de_recherche_en_informatique_et_en_automatique\" target=\"_blank\" rel=\"noopener noreferrer\">Institut national de recherche en informatique et en automatique<\/a> ( <a href=\"http:\/\/www.inria.fr\/\" target=\"_blank\" rel=\"noopener noreferrer\">Site de l&rsquo;INRIA<\/a> ).<\/p>\n<p style=\"text-align: center;\"><a href=\"http:\/\/natron.fr\/download\/\" target=\"_blank\" rel=\"noopener noreferrer\">&#8211; La page o\u00f9 t\u00e9l\u00e9charger le logiciel. &#8211;<\/a><\/p>\n<p><strong>Mise \u00e0 jour au 17.01.2020<\/strong>. Les liens ci-dessous commencent \u00e0 accuser de leur \u00e2ge. Aux int\u00e9ress\u00e9s de faire des recherches.<\/p>\n<p><a href=\"https:\/\/www.youtube.com\/watch?v=cRuIfotoX7E\" target=\"_blank\" rel=\"noopener noreferrer\">Conf\u00e9rence de Fran\u00e7ois Grassard.<\/a> &#8211; Pr\u00e9sentation et d\u00e9monstration des possibilit\u00e9s du logiciel Natron.<\/p>\n<p><a href=\"https:\/\/www.youtube.com\/watch?v=k6B7IJf4psA\" target=\"_blank\" rel=\"noopener noreferrer\">Conf\u00e9rence d&rsquo;Alexandre Gautier.<\/a> &#8211; Pr\u00e9sentation de Natron \u00e0 l&rsquo;Open World Forum (2014).<\/p>\n<p><a href=\"https:\/\/www.youtube.com\/watch?v=saEENGQbn6c&amp;list=PLY42uByY5RHunePZLtyefbQKmCkydcCea\" target=\"_blank\" rel=\"noopener noreferrer\">Natron for Beginners.<\/a> &#8211; La \u00ab\u00a0playlist\u00a0\u00bb YouTube de Chander Ruzzi en anglais pour commencer avec Natron.<\/p>\n<p><a href=\"https:\/\/www.youtube.com\/watch?v=_Zc7Xwhhzpg\" target=\"_blank\" rel=\"noopener noreferrer\">Masque d&rsquo;objet et pr\u00e9sentation de Natron<\/a> &#8211; Un tutoriel en fran\u00e7ais.<\/p>\n","protected":false},"excerpt":{"rendered":"<p>Compositing : Natron &#8211; Logiciel libre de \u00ab\u00a0compositing\u00a0\u00bb nodal inspir\u00e9 du logiciel commercial Nuke et d\u00e9velopp\u00e9 par l&rsquo;Institut national de recherche en informatique et en automatique ( Site de l&rsquo;INRIA ). &#8211; La page o\u00f9 t\u00e9l\u00e9charger le logiciel. &#8211; Mise \u00e0 jour au 17.01.2020. Les liens ci-dessous commencent \u00e0 accuser de leur \u00e2ge. Aux int\u00e9ress\u00e9s [&hellip;]<\/p>\n","protected":false},"author":1,"featured_media":0,"parent":0,"menu_order":0,"comment_status":"closed","ping_status":"closed","template":"","meta":{"_crdt_document":"","jetpack_post_was_ever_published":false,"footnotes":""},"class_list":["post-1887","page","type-page","status-publish","hentry"],"jetpack_shortlink":"https:\/\/wp.me\/P5g5SG-ur","jetpack_sharing_enabled":true,"_links":{"self":[{"href":"https:\/\/monsieurcliff.com\/index.php?rest_route=\/wp\/v2\/pages\/1887","targetHints":{"allow":["GET"]}}],"collection":[{"href":"https:\/\/monsieurcliff.com\/index.php?rest_route=\/wp\/v2\/pages"}],"about":[{"href":"https:\/\/monsieurcliff.com\/index.php?rest_route=\/wp\/v2\/types\/page"}],"author":[{"embeddable":true,"href":"https:\/\/monsieurcliff.com\/index.php?rest_route=\/wp\/v2\/users\/1"}],"replies":[{"embeddable":true,"href":"https:\/\/monsieurcliff.com\/index.php?rest_route=%2Fwp%2Fv2%2Fcomments&post=1887"}],"version-history":[{"count":12,"href":"https:\/\/monsieurcliff.com\/index.php?rest_route=\/wp\/v2\/pages\/1887\/revisions"}],"predecessor-version":[{"id":4014,"href":"https:\/\/monsieurcliff.com\/index.php?rest_route=\/wp\/v2\/pages\/1887\/revisions\/4014"}],"wp:attachment":[{"href":"https:\/\/monsieurcliff.com\/index.php?rest_route=%2Fwp%2Fv2%2Fmedia&parent=1887"}],"curies":[{"name":"wp","href":"https:\/\/api.w.org\/{rel}","templated":true}]}}